{"id":341,"date":"2024-11-10T17:00:06","date_gmt":"2024-11-10T17:00:06","guid":{"rendered":"https:\/\/pengdemachinery.com\/?page_id=341"},"modified":"2025-01-19T07:59:43","modified_gmt":"2025-01-19T07:59:43","slug":"blogy","status":"publish","type":"page","link":"https:\/\/pengdemachinery.com\/cs\/blogy\/","title":{"rendered":"Blogy"},"content":{"rendered":"<div data-elementor-type=\"wp-page\" data-elementor-id=\"341\" class=\"elementor elementor-341\" data-elementor-post-type=\"page\">\n\t\t\t\t<div class=\"elementor-element elementor-element-1a2f4d66 e-flex e-con-boxed e-con e-parent\" data-id=\"1a2f4d66\" data-element_type=\"container\" data-e-type=\"container\" data-settings=\"{&quot;background_background&quot;:&quot;classic&quot;}\">\n\t\t\t\t\t<div class=\"e-con-inner\">\n\t\t\t\t<div class=\"elementor-element elementor-element-4f1a91dd elementor-widget elementor-widget-text-editor\" data-id=\"4f1a91dd\" data-element_type=\"widget\" data-e-type=\"widget\" data-widget_type=\"text-editor.default\">\n\t\t\t\t<div class=\"elementor-widget-container\">\n\t\t\t\t\t\t\t\t\t<p><a href=\"#\">Home<\/a> &gt; Blogy<\/p>\t\t\t\t\t\t\t\t<\/div>\n\t\t\t\t<\/div>\n\t\t\t\t\t<\/div>\n\t\t\t\t<\/div>\n\t\t<div class=\"elementor-element elementor-element-134294d4 e-flex e-con-boxed e-con e-parent\" data-id=\"134294d4\" data-element_type=\"container\" data-e-type=\"container\">\n\t\t\t\t\t<div class=\"e-con-inner\">\n\t\t<div class=\"elementor-element elementor-element-4848df06 e-flex e-con-boxed e-con e-child\" data-id=\"4848df06\" data-element_type=\"container\" data-e-type=\"container\">\n\t\t\t\t\t<div class=\"e-con-inner\">\n\t\t<div class=\"elementor-element elementor-element-12d0be97 e-con-full e-flex e-con e-child\" data-id=\"12d0be97\" data-element_type=\"container\" data-e-type=\"container\">\n\t\t\t\t<div class=\"elementor-element elementor-element-446bf764 elementor-widget elementor-widget-heading\" data-id=\"446bf764\" data-element_type=\"widget\" data-e-type=\"widget\" data-widget_type=\"heading.default\">\n\t\t\t\t<div class=\"elementor-widget-container\">\n\t\t\t\t\t<h6 class=\"elementor-heading-title elementor-size-default\">Pengde Machinery<\/h6>\t\t\t\t<\/div>\n\t\t\t\t<\/div>\n\t\t\t\t<div class=\"elementor-element elementor-element-525f8f0b elementor-widget elementor-widget-heading\" data-id=\"525f8f0b\" data-element_type=\"widget\" data-e-type=\"widget\" data-widget_type=\"heading.default\">\n\t\t\t\t<div class=\"elementor-widget-container\">\n\t\t\t\t\t<h2 class=\"elementor-heading-title elementor-size-default\">Vhled do <br>Stavebn\u00ed stroje<\/h2>\t\t\t\t<\/div>\n\t\t\t\t<\/div>\n\t\t\t\t<\/div>\n\t\t<div class=\"elementor-element elementor-element-430ff771 e-con-full e-flex e-con e-child\" data-id=\"430ff771\" data-element_type=\"container\" data-e-type=\"container\">\n\t\t\t\t<div class=\"elementor-element elementor-element-218da097 elementor-widget elementor-widget-text-editor\" data-id=\"218da097\" data-element_type=\"widget\" data-e-type=\"widget\" data-widget_type=\"text-editor.default\">\n\t\t\t\t<div class=\"elementor-widget-container\">\n\t\t\t\t\t\t\t\t\t<p>V\u00edtejte na blogu spole\u010dnosti Pengde Machinery! Pono\u0159te se do nejnov\u011bj\u0161\u00edch poznatk\u016f z oboru, technick\u00fdch inovac\u00ed a praktick\u00fdch tip\u016f. A\u0165 u\u017e hled\u00e1te odborn\u00e9 rady nebo zkoum\u00e1te trendy na trhu, n\u00e1\u0161 blog nab\u00edz\u00ed cenn\u00fd obsah, kter\u00fd v\u00e1m pom\u016f\u017ee z\u016fstat informovan\u00ed a \u010dinit chytr\u00e1 rozhodnut\u00ed. Za\u010dn\u011bte zkoumat nyn\u00ed a z\u00edskejte exkluzivn\u00ed post\u0159ehy a u\u017eite\u010dn\u00e9 informace!<\/p>\t\t\t\t\t\t\t\t<\/div>\n\t\t\t\t<\/div>\n\t\t\t\t<\/div>\n\t\t\t\t\t<\/div>\n\t\t\t\t<\/div>\n\t\t\t\t<div class=\"elementor-element elementor-element-9a956c6 elementor-grid-3 elementor-grid-tablet-2 elementor-grid-mobile-1 elementor-posts--thumbnail-top elementor-posts__hover-gradient elementor-widget elementor-widget-posts\" data-id=\"9a956c6\" data-element_type=\"widget\" data-e-type=\"widget\" data-settings=\"{&quot;pagination_type&quot;:&quot;numbers_and_prev_next&quot;,&quot;cards_columns&quot;:&quot;3&quot;,&quot;cards_columns_tablet&quot;:&quot;2&quot;,&quot;cards_columns_mobile&quot;:&quot;1&quot;,&quot;cards_row_gap&quot;:{&quot;unit&quot;:&quot;px&quot;,&quot;size&quot;:35,&quot;sizes&quot;:[]},&quot;cards_row_gap_tablet&quot;:{&quot;unit&quot;:&quot;px&quot;,&quot;size&quot;:&quot;&quot;,&quot;sizes&quot;:[]},&quot;cards_row_gap_mobile&quot;:{&quot;unit&quot;:&quot;px&quot;,&quot;size&quot;:&quot;&quot;,&quot;sizes&quot;:[]}}\" data-widget_type=\"posts.cards\">\n\t\t\t\t<div class=\"elementor-widget-container\">\n\t\t\t\t\t\t\t<div class=\"elementor-posts-container elementor-posts elementor-posts--skin-cards elementor-grid\">\n\t\t\t\t<article class=\"elementor-post elementor-grid-item post-333 post type-post status-publish format-standard has-post-thumbnail hentry category-all category-all-2\">\n\t\t\t<div class=\"elementor-post__card\">\n\t\t\t\t<a class=\"elementor-post__thumbnail__link\" href=\"https:\/\/pengdemachinery.com\/cs\/whats-the-difference-between-a-digger-and-excavator\/\" tabindex=\"-1\" ><div class=\"elementor-post__thumbnail\"><img alt=\"\" fetchpriority=\"high\" decoding=\"async\" width=\"1072\" height=\"1072\" src=\"https:\/\/pengdemachinery.com\/wp-content\/uploads\/2025\/01\/PD130-6_PicCopilot_2317a-e1736363138162.png\" class=\"attachment-full size-full wp-image-4004\" srcset=\"https:\/\/pengdemachinery.com\/wp-content\/uploads\/2025\/01\/PD130-6_PicCopilot_2317a-e1736363138162.png 1072w, https:\/\/pengdemachinery.com\/wp-content\/uploads\/2025\/01\/PD130-6_PicCopilot_2317a-e1736363138162-300x300.png 300w, https:\/\/pengdemachinery.com\/wp-content\/uploads\/2025\/01\/PD130-6_PicCopilot_2317a-e1736363138162-1024x1024.png 1024w, https:\/\/pengdemachinery.com\/wp-content\/uploads\/2025\/01\/PD130-6_PicCopilot_2317a-e1736363138162-150x150.png 150w, https:\/\/pengdemachinery.com\/wp-content\/uploads\/2025\/01\/PD130-6_PicCopilot_2317a-e1736363138162-768x768.png 768w, https:\/\/pengdemachinery.com\/wp-content\/uploads\/2025\/01\/PD130-6_PicCopilot_2317a-e1736363138162-600x600.png 600w, https:\/\/pengdemachinery.com\/wp-content\/uploads\/2025\/01\/PD130-6_PicCopilot_2317a-e1736363138162-100x100.png 100w, https:\/\/pengdemachinery.com\/wp-content\/uploads\/2025\/01\/elementor\/thumbs\/PD130-6_PicCopilot_2317a-e1736363138162-qzpvc591zxgqv268dmuqypmvlpe3044eri1c2dopig.png 900w\" sizes=\"(max-width: 1072px) 100vw, 1072px\" \/><\/div><\/a>\n\t\t\t\t<div class=\"elementor-post__text\">\n\t\t\t\t<h3 class=\"elementor-post__title\">\n\t\t\t<a href=\"https:\/\/pengdemachinery.com\/cs\/whats-the-difference-between-a-digger-and-excavator\/\" >\n\t\t\t\tJak\u00fd je rozd\u00edl mezi bagrem a rypadlem?\t\t\t<\/a>\n\t\t<\/h3>\n\t\t\t\t<div class=\"elementor-post__excerpt\">\n\t\t\t<p>Obr\u00e1zek srovn\u00e1vaj\u00edc\u00ed bagr a rypadlo na staveni\u0161ti, kter\u00fd zd\u016fraz\u0148uje jejich odli\u0161n\u00e9 rysy. Jste zmateni pojmy<\/p>\n\t\t<\/div>\n\t\t\t\t<\/div>\n\t\t\t\t<div class=\"elementor-post__meta-data\">\n\t\t\t\t\t<span class=\"elementor-post-date\">\n\t\t\t10 listopadu, 2024\t\t<\/span>\n\t\t\t\t<span class=\"elementor-post-time\">\n\t\t\t16:58\t\t<\/span>\n\t\t\t\t<\/div>\n\t\t\t\t\t<\/div>\n\t\t<\/article>\n\t\t\t\t<article class=\"elementor-post elementor-grid-item post-328 post type-post status-publish format-standard has-post-thumbnail hentry category-all-2 category-all\">\n\t\t\t<div class=\"elementor-post__card\">\n\t\t\t\t<a class=\"elementor-post__thumbnail__link\" href=\"https:\/\/pengdemachinery.com\/cs\/what-is-an-excavator-vs-backhoe\/\" tabindex=\"-1\" ><div class=\"elementor-post__thumbnail\"><img alt=\"\" decoding=\"async\" width=\"750\" height=\"750\" src=\"https:\/\/pengdemachinery.com\/wp-content\/uploads\/2025\/01\/Wheeled-Excavator-PD130-2-scaled-1.jpg\" class=\"attachment-full size-full wp-image-3999\" srcset=\"https:\/\/pengdemachinery.com\/wp-content\/uploads\/2025\/01\/Wheeled-Excavator-PD130-2-scaled-1.jpg 750w, https:\/\/pengdemachinery.com\/wp-content\/uploads\/2025\/01\/Wheeled-Excavator-PD130-2-scaled-1-300x300.jpg 300w, https:\/\/pengdemachinery.com\/wp-content\/uploads\/2025\/01\/Wheeled-Excavator-PD130-2-scaled-1-150x150.jpg 150w, https:\/\/pengdemachinery.com\/wp-content\/uploads\/2025\/01\/Wheeled-Excavator-PD130-2-scaled-1-600x600.jpg 600w, https:\/\/pengdemachinery.com\/wp-content\/uploads\/2025\/01\/Wheeled-Excavator-PD130-2-scaled-1-100x100.jpg 100w\" sizes=\"(max-width: 750px) 100vw, 750px\" \/><\/div><\/a>\n\t\t\t\t<div class=\"elementor-post__text\">\n\t\t\t\t<h3 class=\"elementor-post__title\">\n\t\t\t<a href=\"https:\/\/pengdemachinery.com\/cs\/what-is-an-excavator-vs-backhoe\/\" >\n\t\t\t\tCo je bagr a rypadlo?\t\t\t<\/a>\n\t\t<\/h3>\n\t\t\t\t<div class=\"elementor-post__excerpt\">\n\t\t\t<p>Obr\u00e1zek porovn\u00e1vaj\u00edc\u00ed bagr a rypadlo na staveni\u0161ti, kter\u00fd ukazuje jejich odli\u0161n\u00e9 konstrukce a vlastnosti. Zmaten\u00fd ohledn\u011b<\/p>\n\t\t<\/div>\n\t\t\t\t<\/div>\n\t\t\t\t<div class=\"elementor-post__meta-data\">\n\t\t\t\t\t<span class=\"elementor-post-date\">\n\t\t\t10 listopadu, 2024\t\t<\/span>\n\t\t\t\t<span class=\"elementor-post-time\">\n\t\t\t16:56\t\t<\/span>\n\t\t\t\t<\/div>\n\t\t\t\t\t<\/div>\n\t\t<\/article>\n\t\t\t\t<article class=\"elementor-post elementor-grid-item post-324 post type-post status-publish format-standard has-post-thumbnail hentry category-all\">\n\t\t\t<div class=\"elementor-post__card\">\n\t\t\t\t<a class=\"elementor-post__thumbnail__link\" href=\"https:\/\/pengdemachinery.com\/cs\/how-deep-will-a-mini-excavator-dig\/\" tabindex=\"-1\" ><div class=\"elementor-post__thumbnail\"><img alt=\"\" decoding=\"async\" width=\"1024\" height=\"576\" src=\"https:\/\/pengdemachinery.com\/wp-content\/uploads\/2024\/11\/mini-Construction-excavator-3.jpg\" class=\"attachment-full size-full wp-image-254\" srcset=\"https:\/\/pengdemachinery.com\/wp-content\/uploads\/2024\/11\/mini-Construction-excavator-3.jpg 1024w, https:\/\/pengdemachinery.com\/wp-content\/uploads\/2024\/11\/mini-Construction-excavator-3-600x338.jpg 600w, https:\/\/pengdemachinery.com\/wp-content\/uploads\/2024\/11\/mini-Construction-excavator-3-300x169.jpg 300w, https:\/\/pengdemachinery.com\/wp-content\/uploads\/2024\/11\/mini-Construction-excavator-3-768x432.jpg 768w\" sizes=\"(max-width: 1024px) 100vw, 1024px\" \/><\/div><\/a>\n\t\t\t\t<div class=\"elementor-post__text\">\n\t\t\t\t<h3 class=\"elementor-post__title\">\n\t\t\t<a href=\"https:\/\/pengdemachinery.com\/cs\/how-deep-will-a-mini-excavator-dig\/\" >\n\t\t\t\tJak hluboko kope minirypadlo?\t\t\t<\/a>\n\t\t<\/h3>\n\t\t\t\t<div class=\"elementor-post__excerpt\">\n\t\t\t<p>Obr\u00e1zek minirypadla kopaj\u00edc\u00edho v\u00fdkop, kter\u00fd ukazuje jeho schopnosti. Zaj\u00edm\u00e1 v\u00e1s, jak\u00e9 jsou kopac\u00ed schopnosti minibagru?<\/p>\n\t\t<\/div>\n\t\t\t\t<\/div>\n\t\t\t\t<div class=\"elementor-post__meta-data\">\n\t\t\t\t\t<span class=\"elementor-post-date\">\n\t\t\t10 listopadu, 2024\t\t<\/span>\n\t\t\t\t<span class=\"elementor-post-time\">\n\t\t\t16:52\t\t<\/span>\n\t\t\t\t<\/div>\n\t\t\t\t\t<\/div>\n\t\t<\/article>\n\t\t\t\t<article class=\"elementor-post elementor-grid-item post-319 post type-post status-publish format-standard has-post-thumbnail hentry category-all\">\n\t\t\t<div class=\"elementor-post__card\">\n\t\t\t\t<a class=\"elementor-post__thumbnail__link\" href=\"https:\/\/pengdemachinery.com\/cs\/are-mini-excavators-worth-the-investment-for-your-project\/\" tabindex=\"-1\" ><div class=\"elementor-post__thumbnail\"><img alt=\"\" loading=\"lazy\" decoding=\"async\" width=\"1024\" height=\"576\" src=\"https:\/\/pengdemachinery.com\/wp-content\/uploads\/2024\/11\/mini-Construction-excavator-2.jpg\" class=\"attachment-full size-full wp-image-253\" srcset=\"https:\/\/pengdemachinery.com\/wp-content\/uploads\/2024\/11\/mini-Construction-excavator-2.jpg 1024w, https:\/\/pengdemachinery.com\/wp-content\/uploads\/2024\/11\/mini-Construction-excavator-2-600x338.jpg 600w, https:\/\/pengdemachinery.com\/wp-content\/uploads\/2024\/11\/mini-Construction-excavator-2-300x169.jpg 300w, https:\/\/pengdemachinery.com\/wp-content\/uploads\/2024\/11\/mini-Construction-excavator-2-768x432.jpg 768w\" sizes=\"(max-width: 1024px) 100vw, 1024px\" \/><\/div><\/a>\n\t\t\t\t<div class=\"elementor-post__text\">\n\t\t\t\t<h3 class=\"elementor-post__title\">\n\t\t\t<a href=\"https:\/\/pengdemachinery.com\/cs\/are-mini-excavators-worth-the-investment-for-your-project\/\" >\n\t\t\t\tVyplat\u00ed se investice do minirypadel pro v\u00e1\u0161 projekt?\t\t\t<\/a>\n\t\t<\/h3>\n\t\t\t\t<div class=\"elementor-post__excerpt\">\n\t\t\t<p>Obr\u00e1zek minirypadla p\u0159i pr\u00e1ci na zahrad\u011b obytn\u00e9ho domu, kter\u00fd ukazuje jeho kompaktn\u00ed konstrukci a \u00fa\u010dinnost. Zaj\u00edm\u00e1 v\u00e1s, zda<\/p>\n\t\t<\/div>\n\t\t\t\t<\/div>\n\t\t\t\t<div class=\"elementor-post__meta-data\">\n\t\t\t\t\t<span class=\"elementor-post-date\">\n\t\t\t10 listopadu, 2024\t\t<\/span>\n\t\t\t\t<span class=\"elementor-post-time\">\n\t\t\t16:50\t\t<\/span>\n\t\t\t\t<\/div>\n\t\t\t\t\t<\/div>\n\t\t<\/article>\n\t\t\t\t<article class=\"elementor-post elementor-grid-item post-315 post type-post status-publish format-standard has-post-thumbnail hentry category-all\">\n\t\t\t<div class=\"elementor-post__card\">\n\t\t\t\t<a class=\"elementor-post__thumbnail__link\" href=\"https:\/\/pengdemachinery.com\/cs\/why-are-mini-excavators-perfect-for-small-construction-projects\/\" tabindex=\"-1\" ><div class=\"elementor-post__thumbnail\"><img alt=\"\" loading=\"lazy\" decoding=\"async\" width=\"1024\" height=\"576\" src=\"https:\/\/pengdemachinery.com\/wp-content\/uploads\/2024\/11\/mini-Construction-excavator-4.jpg\" class=\"attachment-full size-full wp-image-255\" srcset=\"https:\/\/pengdemachinery.com\/wp-content\/uploads\/2024\/11\/mini-Construction-excavator-4.jpg 1024w, https:\/\/pengdemachinery.com\/wp-content\/uploads\/2024\/11\/mini-Construction-excavator-4-600x338.jpg 600w, https:\/\/pengdemachinery.com\/wp-content\/uploads\/2024\/11\/mini-Construction-excavator-4-300x169.jpg 300w, https:\/\/pengdemachinery.com\/wp-content\/uploads\/2024\/11\/mini-Construction-excavator-4-768x432.jpg 768w\" sizes=\"(max-width: 1024px) 100vw, 1024px\" \/><\/div><\/a>\n\t\t\t\t<div class=\"elementor-post__text\">\n\t\t\t\t<h3 class=\"elementor-post__title\">\n\t\t\t<a href=\"https:\/\/pengdemachinery.com\/cs\/why-are-mini-excavators-perfect-for-small-construction-projects\/\" >\n\t\t\t\tPro\u010d jsou minirypadla ide\u00e1ln\u00ed pro mal\u00e9 stavebn\u00ed projekty?\t\t\t<\/a>\n\t\t<\/h3>\n\t\t\t\t<div class=\"elementor-post__excerpt\">\n\t\t\t<p>Sn\u00edmek minirypadla pracuj\u00edc\u00edho na zahrad\u011b obytn\u00e9ho domu, kter\u00fd ukazuje jeho kompaktn\u00ed konstrukci a v\u0161estrannost. Boj s t\u011bsn\u00fdm<\/p>\n\t\t<\/div>\n\t\t\t\t<\/div>\n\t\t\t\t<div class=\"elementor-post__meta-data\">\n\t\t\t\t\t<span class=\"elementor-post-date\">\n\t\t\t10 listopadu, 2024\t\t<\/span>\n\t\t\t\t<span class=\"elementor-post-time\">\n\t\t\t16:49\t\t<\/span>\n\t\t\t\t<\/div>\n\t\t\t\t\t<\/div>\n\t\t<\/article>\n\t\t\t\t<article class=\"elementor-post elementor-grid-item post-309 post type-post status-publish format-standard has-post-thumbnail hentry category-all\">\n\t\t\t<div class=\"elementor-post__card\">\n\t\t\t\t<a class=\"elementor-post__thumbnail__link\" href=\"https:\/\/pengdemachinery.com\/cs\/what-are-the-disadvantages-of-a-wheeled-excavator\/\" tabindex=\"-1\" ><div class=\"elementor-post__thumbnail\"><img alt=\"\" loading=\"lazy\" decoding=\"async\" width=\"1024\" height=\"576\" src=\"https:\/\/pengdemachinery.com\/wp-content\/uploads\/2024\/11\/Wheeled-Excavators-Construction-excavator-5-.jpg\" class=\"attachment-full size-full wp-image-312\" srcset=\"https:\/\/pengdemachinery.com\/wp-content\/uploads\/2024\/11\/Wheeled-Excavators-Construction-excavator-5-.jpg 1024w, https:\/\/pengdemachinery.com\/wp-content\/uploads\/2024\/11\/Wheeled-Excavators-Construction-excavator-5--600x338.jpg 600w, https:\/\/pengdemachinery.com\/wp-content\/uploads\/2024\/11\/Wheeled-Excavators-Construction-excavator-5--300x169.jpg 300w, https:\/\/pengdemachinery.com\/wp-content\/uploads\/2024\/11\/Wheeled-Excavators-Construction-excavator-5--768x432.jpg 768w\" sizes=\"(max-width: 1024px) 100vw, 1024px\" \/><\/div><\/a>\n\t\t\t\t<div class=\"elementor-post__text\">\n\t\t\t\t<h3 class=\"elementor-post__title\">\n\t\t\t<a href=\"https:\/\/pengdemachinery.com\/cs\/what-are-the-disadvantages-of-a-wheeled-excavator\/\" >\n\t\t\t\tJak\u00e9 jsou nev\u00fdhody kolov\u00e9ho rypadla?\t\t\t<\/a>\n\t\t<\/h3>\n\t\t\t\t<div class=\"elementor-post__excerpt\">\n\t\t\t<p>Obr\u00e1zek kolov\u00e9ho rypadla na nerovn\u00e9m ter\u00e9nu, kter\u00fd upozor\u0148uje na mo\u017en\u00e9 probl\u00e9my se stabilitou. Zva\u017eujete po\u0159\u00edzen\u00ed kolov\u00e9ho rypadla pro sv\u00e9 pot\u0159eby?<\/p>\n\t\t<\/div>\n\t\t\t\t<\/div>\n\t\t\t\t<div class=\"elementor-post__meta-data\">\n\t\t\t\t\t<span class=\"elementor-post-date\">\n\t\t\t10 listopadu, 2024\t\t<\/span>\n\t\t\t\t<span class=\"elementor-post-time\">\n\t\t\t16:45\t\t<\/span>\n\t\t\t\t<\/div>\n\t\t\t\t\t<\/div>\n\t\t<\/article>\n\t\t\t\t<article class=\"elementor-post elementor-grid-item post-304 post type-post status-publish format-standard has-post-thumbnail hentry category-all-2 category-all\">\n\t\t\t<div class=\"elementor-post__card\">\n\t\t\t\t<a class=\"elementor-post__thumbnail__link\" href=\"https:\/\/pengdemachinery.com\/cs\/are-wheeled-excavators-any-good-for-your-construction-needs\/\" tabindex=\"-1\" ><div class=\"elementor-post__thumbnail\"><img alt=\"\" loading=\"lazy\" decoding=\"async\" width=\"1024\" height=\"576\" src=\"https:\/\/pengdemachinery.com\/wp-content\/uploads\/2024\/11\/Wheeled-Excavators-Construction-excavator-2.jpg\" class=\"attachment-full size-full wp-image-284\" srcset=\"https:\/\/pengdemachinery.com\/wp-content\/uploads\/2024\/11\/Wheeled-Excavators-Construction-excavator-2.jpg 1024w, https:\/\/pengdemachinery.com\/wp-content\/uploads\/2024\/11\/Wheeled-Excavators-Construction-excavator-2-600x338.jpg 600w, https:\/\/pengdemachinery.com\/wp-content\/uploads\/2024\/11\/Wheeled-Excavators-Construction-excavator-2-300x169.jpg 300w, https:\/\/pengdemachinery.com\/wp-content\/uploads\/2024\/11\/Wheeled-Excavators-Construction-excavator-2-768x432.jpg 768w\" sizes=\"(max-width: 1024px) 100vw, 1024px\" \/><\/div><\/a>\n\t\t\t\t<div class=\"elementor-post__text\">\n\t\t\t\t<h3 class=\"elementor-post__title\">\n\t\t\t<a href=\"https:\/\/pengdemachinery.com\/cs\/are-wheeled-excavators-any-good-for-your-construction-needs\/\" >\n\t\t\t\tJsou kolov\u00e1 rypadla vhodn\u00e1 pro va\u0161e stavebn\u00ed pot\u0159eby?\t\t\t<\/a>\n\t\t<\/h3>\n\t\t\t\t<div class=\"elementor-post__excerpt\">\n\t\t\t<p>Sn\u00edmek kolov\u00e9ho bagru, kter\u00fd efektivn\u011b man\u00e9vruje na m\u011bstsk\u00e9m staveni\u0161ti. Zaj\u00edm\u00e1 v\u00e1s, zda kolov\u00e9 rypadlo<\/p>\n\t\t<\/div>\n\t\t\t\t<\/div>\n\t\t\t\t<div class=\"elementor-post__meta-data\">\n\t\t\t\t\t<span class=\"elementor-post-date\">\n\t\t\t10 listopadu, 2024\t\t<\/span>\n\t\t\t\t<span class=\"elementor-post-time\">\n\t\t\t16:37\t\t<\/span>\n\t\t\t\t<\/div>\n\t\t\t\t\t<\/div>\n\t\t<\/article>\n\t\t\t\t<article class=\"elementor-post elementor-grid-item post-294 post type-post status-publish format-standard has-post-thumbnail hentry category-all category-all-2\">\n\t\t\t<div class=\"elementor-post__card\">\n\t\t\t\t<a class=\"elementor-post__thumbnail__link\" href=\"https:\/\/pengdemachinery.com\/cs\/why-are-wheeled-excavators-the-best-choice-for-urban-construction-projects\/\" tabindex=\"-1\" ><div class=\"elementor-post__thumbnail\"><img alt=\"\" loading=\"lazy\" decoding=\"async\" width=\"1024\" height=\"576\" src=\"https:\/\/pengdemachinery.com\/wp-content\/uploads\/2024\/11\/Wheeled-Excavators-Construction-excavator-4.jpg\" class=\"attachment-full size-full wp-image-286\" srcset=\"https:\/\/pengdemachinery.com\/wp-content\/uploads\/2024\/11\/Wheeled-Excavators-Construction-excavator-4.jpg 1024w, https:\/\/pengdemachinery.com\/wp-content\/uploads\/2024\/11\/Wheeled-Excavators-Construction-excavator-4-600x338.jpg 600w, https:\/\/pengdemachinery.com\/wp-content\/uploads\/2024\/11\/Wheeled-Excavators-Construction-excavator-4-300x169.jpg 300w, https:\/\/pengdemachinery.com\/wp-content\/uploads\/2024\/11\/Wheeled-Excavators-Construction-excavator-4-768x432.jpg 768w\" sizes=\"(max-width: 1024px) 100vw, 1024px\" \/><\/div><\/a>\n\t\t\t\t<div class=\"elementor-post__text\">\n\t\t\t\t<h3 class=\"elementor-post__title\">\n\t\t\t<a href=\"https:\/\/pengdemachinery.com\/cs\/why-are-wheeled-excavators-the-best-choice-for-urban-construction-projects\/\" >\n\t\t\t\tPro\u010d jsou kolov\u00e1 rypadla nejlep\u0161\u00ed volbou pro m\u011bstsk\u00e9 stavebn\u00ed projekty?\t\t\t<\/a>\n\t\t<\/h3>\n\t\t\t\t<div class=\"elementor-post__excerpt\">\n\t\t\t<p>Obr\u00e1zek kolov\u00e9ho bagru v provozu M\u00e1te probl\u00e9m s v\u00fdb\u011brem spr\u00e1vn\u00e9ho za\u0159\u00edzen\u00ed pro m\u011bstskou v\u00fdstavbu? V\u00fdstavba ve m\u011bstech<\/p>\n\t\t<\/div>\n\t\t\t\t<\/div>\n\t\t\t\t<div class=\"elementor-post__meta-data\">\n\t\t\t\t\t<span class=\"elementor-post-date\">\n\t\t\t10 listopadu, 2024\t\t<\/span>\n\t\t\t\t<span class=\"elementor-post-time\">\n\t\t\t16:25\t\t<\/span>\n\t\t\t\t<\/div>\n\t\t\t\t\t<\/div>\n\t\t<\/article>\n\t\t\t\t<article class=\"elementor-post elementor-grid-item post-289 post type-post status-publish format-standard has-post-thumbnail hentry category-all category-all-2\">\n\t\t\t<div class=\"elementor-post__card\">\n\t\t\t\t<a class=\"elementor-post__thumbnail__link\" href=\"https:\/\/pengdemachinery.com\/cs\/why-are-excavators-essential-in-construction-and-heavy-industry\/\" tabindex=\"-1\" ><div class=\"elementor-post__thumbnail\"><img alt=\"\" loading=\"lazy\" decoding=\"async\" width=\"1024\" height=\"1024\" src=\"https:\/\/pengdemachinery.com\/wp-content\/uploads\/2024\/11\/Construction-excavator-3.jpg\" class=\"attachment-full size-full wp-image-245\" srcset=\"https:\/\/pengdemachinery.com\/wp-content\/uploads\/2024\/11\/Construction-excavator-3.jpg 1024w, https:\/\/pengdemachinery.com\/wp-content\/uploads\/2024\/11\/Construction-excavator-3-300x300.jpg 300w, https:\/\/pengdemachinery.com\/wp-content\/uploads\/2024\/11\/Construction-excavator-3-100x100.jpg 100w, https:\/\/pengdemachinery.com\/wp-content\/uploads\/2024\/11\/Construction-excavator-3-600x600.jpg 600w, https:\/\/pengdemachinery.com\/wp-content\/uploads\/2024\/11\/Construction-excavator-3-150x150.jpg 150w, https:\/\/pengdemachinery.com\/wp-content\/uploads\/2024\/11\/Construction-excavator-3-768x768.jpg 768w\" sizes=\"(max-width: 1024px) 100vw, 1024px\" \/><\/div><\/a>\n\t\t\t\t<div class=\"elementor-post__text\">\n\t\t\t\t<h3 class=\"elementor-post__title\">\n\t\t\t<a href=\"https:\/\/pengdemachinery.com\/cs\/why-are-excavators-essential-in-construction-and-heavy-industry\/\" >\n\t\t\t\tPro\u010d jsou bagry ve stavebnictv\u00ed a t\u011b\u017ek\u00e9m pr\u016fmyslu nezbytn\u00e9?\t\t\t<\/a>\n\t\t<\/h3>\n\t\t\t\t<div class=\"elementor-post__excerpt\">\n\t\t\t<p>Obr\u00e1zek zobrazuj\u00edc\u00ed v\u00fdkonn\u00e9 hydraulick\u00e9 rypadlo na staveni\u0161ti, kter\u00fd zd\u016fraz\u0148uje jeho v\u0161estrannost a s\u00edlu. Boj s neefektivitou na<\/p>\n\t\t<\/div>\n\t\t\t\t<\/div>\n\t\t\t\t<div class=\"elementor-post__meta-data\">\n\t\t\t\t\t<span class=\"elementor-post-date\">\n\t\t\t10 listopadu, 2024\t\t<\/span>\n\t\t\t\t<span class=\"elementor-post-time\">\n\t\t\t16:22\t\t<\/span>\n\t\t\t\t<\/div>\n\t\t\t\t\t<\/div>\n\t\t<\/article>\n\t\t\t\t<\/div>\n\t\t\n\t\t\t\t<div class=\"e-load-more-anchor\" data-page=\"1\" data-max-page=\"2\" data-next-page=\"https:\/\/pengdemachinery.com\/cs\/wp-json\/wp\/v2\/pages\/341\/page\/2\/\"><\/div>\n\t\t\t\t<nav class=\"elementor-pagination\" aria-label=\"Pagination\">\n\t\t\t<span class=\"page-numbers prev\">\" P\u0159edchoz\u00ed<\/span>\n<span aria-current=\"page\" class=\"page-numbers current\"><span class=\"elementor-screen-only\">Page<\/span>1<\/span>\n<a class=\"page-numbers\" href=\"https:\/\/pengdemachinery.com\/cs\/wp-json\/wp\/v2\/pages\/341\/page\/2\/\"><span class=\"elementor-screen-only\">Page<\/span>2<\/a>\n<a class=\"page-numbers next\" href=\"https:\/\/pengdemachinery.com\/cs\/wp-json\/wp\/v2\/pages\/341\/page\/2\/\">Dal\u0161\u00ed \"<\/a>\t\t<\/nav>\n\t\t\t\t\t\t<\/div>\n\t\t\t\t<\/div>\n\t\t\t\t\t<\/div>\n\t\t\t\t<\/div>\n\t\t\t\t<\/div>","protected":false},"excerpt":{"rendered":"<p>Home &gt; Blogs Pengde Machinery Insights into Construction Machinery Welcome to the Pengde Machinery Blog! Dive into the latest industry insights, technical innovations, and practical tips. Whether you\u2019re seeking expert advice or exploring market trends, our blog offers valuable content to help you stay informed and make smart decisions. Start exploring now for exclusive insights [&hellip;]<\/p>","protected":false},"author":1,"featured_media":0,"parent":0,"menu_order":4,"comment_status":"closed","ping_status":"closed","template":"elementor_header_footer","meta":{"_seopress_robots_primary_cat":"","_seopress_titles_title":"","_seopress_titles_desc":"","_seopress_robots_index":"","footnotes":""},"class_list":["post-341","page","type-page","status-publish","hentry"],"_links":{"self":[{"href":"https:\/\/pengdemachinery.com\/cs\/wp-json\/wp\/v2\/pages\/341"}],"collection":[{"href":"https:\/\/pengdemachinery.com\/cs\/wp-json\/wp\/v2\/pages"}],"about":[{"href":"https:\/\/pengdemachinery.com\/cs\/wp-json\/wp\/v2\/types\/page"}],"author":[{"embeddable":true,"href":"https:\/\/pengdemachinery.com\/cs\/wp-json\/wp\/v2\/users\/1"}],"replies":[{"embeddable":true,"href":"https:\/\/pengdemachinery.com\/cs\/wp-json\/wp\/v2\/comments?post=341"}],"version-history":[{"count":46,"href":"https:\/\/pengdemachinery.com\/cs\/wp-json\/wp\/v2\/pages\/341\/revisions"}],"predecessor-version":[{"id":5584,"href":"https:\/\/pengdemachinery.com\/cs\/wp-json\/wp\/v2\/pages\/341\/revisions\/5584"}],"wp:attachment":[{"href":"https:\/\/pengdemachinery.com\/cs\/wp-json\/wp\/v2\/media?parent=341"}],"curies":[{"name":"wp","href":"https:\/\/api.w.org\/{rel}","templated":true}]}}